{"id":90,"date":"2020-10-12T18:36:47","date_gmt":"2020-10-12T16:36:47","guid":{"rendered":"http:\/\/gsg.cds74.org\/?page_id=90"},"modified":"2020-10-12T19:15:57","modified_gmt":"2020-10-12T17:15:57","slug":"90-2","status":"publish","type":"page","link":"https:\/\/gsg.cds74.org\/accueil\/90-2\/","title":{"rendered":"Qui sommes nous&#8230;"},"content":{"rendered":"\n<div class=\"wp-block-columns is-layout-flex wp-container-core-columns-is-layout-1 wp-block-columns-is-layout-flex\">\n<div class=\"wp-block-column is-layout-flow wp-block-column-is-layout-flow\">\n<p><strong><span class=\"has-inline-color has-blue-color\">Le Groupe<\/span><\/strong><\/p>\n\n\n\n<p>Le Groupe voit le jour en 1969 \u00e0 Gaillard en Haute Savoie, d&rsquo;une poign\u00e9e de jeunes aventuriers.<\/p>\n\n\n\n<p>Notre club rassemble des passionn\u00e9s de sp\u00e9l\u00e9ologie, qui pratiquent aussi d&rsquo;autres activit\u00e9s comme le canyoning, la sp\u00e9l\u00e9o glaci\u00e8re, l&rsquo;escalade, la randonn\u00e9e, etc &#8230; Mais tous ces sports, ont un lien avec la sp\u00e9l\u00e9ologie qui est notre sport principal.<\/p>\n\n\n\n<p>Notre activit\u00e9 principale est de d\u00e9couvrir de nouvelles cavit\u00e9s sur les massifs alpins de Haute Savoie, de former de nouveaux membres aux techniques de progression souterraine et participer au sp\u00e9l\u00e9o secours. <\/p>\n\n\n\n<p>Notre club est affili\u00e9 \u00e0 la f\u00e9d\u00e9ration fran\u00e7aise de sp\u00e9l\u00e9ologie et du comit\u00e9 d\u00e9partemental de sp\u00e9l\u00e9o.<\/p>\n\n\n\n<p><\/p>\n<\/div>\n\n\n\n<div class=\"wp-block-column is-layout-flow wp-block-column-is-layout-flow\">\n<p><strong><span class=\"has-inline-color has-blue-color\">L&rsquo;orientation du sp\u00e9l\u00e9o<\/span><\/strong><\/p>\n\n\n\n<p>La sp\u00e9l\u00e9o est une activit\u00e9 riche et vari\u00e9e. Tu aimeras peut-\u00eatre faire des explorations souterraines, te faufiler dans les galeries, descendre des puits, faire de nouvelles d\u00e9couvertes, pratiquer de la photo, du canyoning, explorer les glaciers, faire de la montagne ou bien participer au secours sp\u00e9l\u00e9o, d\u00e9couvrir la faune cavernicole&#8230;<\/p>\n\n\n\n<p>Tout cela existe et c&rsquo;est tr\u00e8s facile d&rsquo;acc\u00e8s.  Il te suffit de nous contacter et l&rsquo;on t&rsquo;expliquera le fonctionnement de notre club. Ainsi tu pourras appartenir \u00e0 la famille des explorateurs du monde souterrain.<\/p>\n\n\n\n<figure class=\"wp-block-gallery columns-1 is-cropped wp-block-gallery-1 is-layout-flex wp-block-gallery-is-layout-flex\"><ul class=\"blocks-gallery-grid\"><li class=\"blocks-gallery-item\"><figure><img loading=\"lazy\" decoding=\"async\" width=\"194\" height=\"200\" src=\"http:\/\/gsg.cds74.org\/wp-content\/uploads\/2020\/10\/ffspeleo.png\" alt=\"\" data-id=\"106\" data-full-url=\"http:\/\/gsg.cds74.org\/wp-content\/uploads\/2020\/10\/ffspeleo.png\" data-link=\"http:\/\/gsg.cds74.org\/90-2\/ffspeleo\/\" class=\"wp-image-106\"\/><\/figure><\/li><\/ul><\/figure>\n<\/div>\n\n\n\n<div class=\"wp-block-column is-layout-flow wp-block-column-is-layout-flow\">\n<p><strong><span class=\"has-inline-color has-blue-color\">Le canyoning <\/span><\/strong><\/p>\n\n\n\n<p>C&rsquo;est Super Facile !!!<\/p>\n\n\n\n<p>Il suffit de savoir descendre en rappel sur une corde et d&rsquo;avoir du courage pour sauter dans les grandes vasques d&rsquo;eau !!!<\/p>\n\n\n\n<p>H\u00e9las, ce n&rsquo;est pas si simple! Le Canyoning est une activit\u00e9 de pleine nature, qui se pratique dans des canyons les plus hostiles, descendre des cascades de toutes hauteurs, progresser dans une eau froide, instable et tr\u00e8s glissante.<\/p>\n\n\n\n<p>De l&rsquo;avis de nombreux pratiquants, le canyon est l&rsquo;un des sport ou l&rsquo;on \u00e9volue dans un milieu naturel le plus difficile \u00e0 maitriser.<\/p>\n\n\n\n<p>C&rsquo;est tout \u00e0 la fois de la sp\u00e9l\u00e9ologie, de la montagne et de la nage en eau vive.<\/p>\n\n\n\n<p>C&rsquo;est pourquoi nous conseillions fortement \u00e0 ceux qui souhaitent pratiquer ce sport de nous contacter, afin de participer ensemble \u00e0 des sorties encadr\u00e9es avec des personnes comp\u00e9tentes en toute s\u00e9curit\u00e9.<\/p>\n<\/div>\n<\/div>\n\n\n\n<p><\/p>\n","protected":false},"excerpt":{"rendered":"<p>Le Groupe Le Groupe voit le jour en 1969 \u00e0 Gaillard en Haute Savoie, d&rsquo;une poign\u00e9e de jeunes aventuriers. Notre club rassemble des passionn\u00e9s de sp\u00e9l\u00e9ologie, qui pratiquent aussi d&rsquo;autres activit\u00e9s comme le canyoning, la sp\u00e9l\u00e9o glaci\u00e8re, l&rsquo;escalade, la randonn\u00e9e, &hellip; <a href=\"https:\/\/gsg.cds74.org\/accueil\/90-2\/\">Continuer la lecture <span class=\"meta-nav\">&rarr;<\/span><\/a><\/p>\n","protected":false},"author":1,"featured_media":0,"parent":0,"menu_order":0,"comment_status":"closed","ping_status":"closed","template":"","meta":{"footnotes":""},"class_list":["post-90","page","type-page","status-publish","hentry"],"_links":{"self":[{"href":"https:\/\/gsg.cds74.org\/accueil\/wp-json\/wp\/v2\/pages\/90","targetHints":{"allow":["GET"]}}],"collection":[{"href":"https:\/\/gsg.cds74.org\/accueil\/wp-json\/wp\/v2\/pages"}],"about":[{"href":"https:\/\/gsg.cds74.org\/accueil\/wp-json\/wp\/v2\/types\/page"}],"author":[{"embeddable":true,"href":"https:\/\/gsg.cds74.org\/accueil\/wp-json\/wp\/v2\/users\/1"}],"replies":[{"embeddable":true,"href":"https:\/\/gsg.cds74.org\/accueil\/wp-json\/wp\/v2\/comments?post=90"}],"version-history":[{"count":4,"href":"https:\/\/gsg.cds74.org\/accueil\/wp-json\/wp\/v2\/pages\/90\/revisions"}],"predecessor-version":[{"id":107,"href":"https:\/\/gsg.cds74.org\/accueil\/wp-json\/wp\/v2\/pages\/90\/revisions\/107"}],"wp:attachment":[{"href":"https:\/\/gsg.cds74.org\/accueil\/wp-json\/wp\/v2\/media?parent=90"}],"curies":[{"name":"wp","href":"https:\/\/api.w.org\/{rel}","templated":true}]}}