{"id":95,"date":"2020-10-12T19:04:34","date_gmt":"2020-10-12T17:04:34","guid":{"rendered":"http:\/\/gsg.cds74.org\/?page_id=95"},"modified":"2020-10-16T16:30:41","modified_gmt":"2020-10-16T14:30:41","slug":"accueil","status":"publish","type":"page","link":"https:\/\/gsg.cds74.org\/accueil\/","title":{"rendered":"Accueil"},"content":{"rendered":"\n<p>Pour participer aux activit\u00e9s de notre club : <\/p>\n\n\n\n<p>Il faut prendre une licence f\u00e9d\u00e9rale, une assurance qui couvre tous les sports que l&rsquo;on pratique et fournir un certificat m\u00e9dical.<\/p>\n\n\n\n<p>On vous pr\u00eatera du mat\u00e9riel sp\u00e9l\u00e9o pour que vous puissiez vous \u00e9quiper petit \u00e0 petit avec votre propre \u00e9quipement.  <\/p>\n\n\n\n<p><\/p>\n\n\n\n<p><\/p>\n","protected":false},"excerpt":{"rendered":"<p>Pour participer aux activit\u00e9s de notre club : Il faut prendre une licence f\u00e9d\u00e9rale, une assurance qui couvre tous les sports que l&rsquo;on pratique et fournir un certificat m\u00e9dical. On vous pr\u00eatera du mat\u00e9riel sp\u00e9l\u00e9o pour que vous puissiez vous &hellip; <a href=\"https:\/\/gsg.cds74.org\/accueil\/\">Continuer la lecture <span class=\"meta-nav\">&rarr;<\/span><\/a><\/p>\n","protected":false},"author":1,"featured_media":0,"parent":0,"menu_order":0,"comment_status":"closed","ping_status":"closed","template":"","meta":{"footnotes":""},"class_list":["post-95","page","type-page","status-publish","hentry"],"_links":{"self":[{"href":"https:\/\/gsg.cds74.org\/accueil\/wp-json\/wp\/v2\/pages\/95","targetHints":{"allow":["GET"]}}],"collection":[{"href":"https:\/\/gsg.cds74.org\/accueil\/wp-json\/wp\/v2\/pages"}],"about":[{"href":"https:\/\/gsg.cds74.org\/accueil\/wp-json\/wp\/v2\/types\/page"}],"author":[{"embeddable":true,"href":"https:\/\/gsg.cds74.org\/accueil\/wp-json\/wp\/v2\/users\/1"}],"replies":[{"embeddable":true,"href":"https:\/\/gsg.cds74.org\/accueil\/wp-json\/wp\/v2\/comments?post=95"}],"version-history":[{"count":5,"href":"https:\/\/gsg.cds74.org\/accueil\/wp-json\/wp\/v2\/pages\/95\/revisions"}],"predecessor-version":[{"id":115,"href":"https:\/\/gsg.cds74.org\/accueil\/wp-json\/wp\/v2\/pages\/95\/revisions\/115"}],"wp:attachment":[{"href":"https:\/\/gsg.cds74.org\/accueil\/wp-json\/wp\/v2\/media?parent=95"}],"curies":[{"name":"wp","href":"https:\/\/api.w.org\/{rel}","templated":true}]}}